{"id":978,"date":"2023-12-06T06:20:37","date_gmt":"2023-12-06T05:20:37","guid":{"rendered":"https:\/\/www.gonscak.sk\/?page_id=978"},"modified":"2024-01-11T13:16:52","modified_gmt":"2024-01-11T12:16:52","slug":"kamery-a-ine","status":"publish","type":"page","link":"https:\/\/www.gonscak.sk\/?page_id=978","title":{"rendered":"Kamery a in\u00e9"},"content":{"rendered":"\n<figure class=\"wp-block-table is-style-regular\"><table><tbody><tr><td>Popis kamery<\/td><td>Link na kameru a in\u00e9 kamery<\/td><td>Poloha od Skalit\u00e9ho na mapy.cz<\/td><\/tr><tr><td>Skalit\u00e9 ,594 m.n.m. oto\u010den\u00e1 na JV<\/td><td><a href=\"https:\/\/www.gonscak.sk\/pan\/pan.jpg\">fotka <\/a><a href=\"https:\/\/www.gonscak.sk\/pan\/pan.jpg\">5 min<\/a><\/td><td><a href=\"https:\/\/sk.mapy.cz\/turisticka?vlastni-body&amp;ut=Skalite%20Podkrizne&amp;uc=9rjclxUeKZ&amp;ud=18%C2%B052%2739.280%22E%2049%C2%B029%2758.126%22N&amp;x=18.8768804&amp;y=49.4994064&amp;z=15\">0 km<\/a><\/td><\/tr><tr><td>Koniakow , 760 m.n.m<\/td><td><a href=\"https:\/\/www.istebna.eu\/mieszkaniec\/kamera-koniakow-centrum\">ot\u00e1\u010da sa<\/a><\/td><td><a href=\"https:\/\/sk.mapy.cz\/turisticka?vlastni-body&amp;ut=Koniakow&amp;uc=9r9.LxUuWT&amp;ud=Centrum&amp;x=18.9458558&amp;y=49.5523026&amp;z=14\">7 km na SV<\/a><\/td><\/tr><tr><td>Zwardo\u0148 vlek horn\u00e1 st. 800 m.n.m<\/td><td><a href=\"https:\/\/zwardon-ski.webcamera.pl\/\">ot\u00e1\u010da sa cel\u00e1 zjazdovka<\/a><\/td><td><a href=\"https:\/\/sk.mapy.cz\/turisticka?vlastni-body&amp;ut=Zwardon%20Horna%20Stanica&amp;uc=9sA1sxUhAe&amp;ud=49%C2%B030%2725.955%22N%2C%2018%C2%B059%2733.674%22E&amp;x=18.9926872&amp;y=49.5072515&amp;z=17\">7 km na V<\/a><\/td><\/tr><tr><td>Zwardo\u0148 spodn\u00e1 st., 700 m.n.m, J<\/td><td><a href=\"https:\/\/zwardon-ski2.webcamera.pl\/\">plynule<\/a><\/td><td><a href=\"https:\/\/sk.mapy.cz\/turisticka?vlastni-body&amp;ut=Zwardon%20spodna%20stanica&amp;uc=9s0XZxUhHh&amp;ud=49%C2%B030%2727.197%22N%2C%2018%C2%B059%2712.548%22E&amp;x=18.9900160&amp;y=49.5058060&amp;z=16\">7 km na V<\/a><\/td><\/tr><tr><td>Zloty Gru\u0148 horn\u00e1 st., 700 m.n.m. S<\/td><td><a href=\"https:\/\/zlotygron3.webcamera.pl\/\">plynule<\/a><\/td><td><a href=\"https:\/\/sk.mapy.cz\/turisticka?vlastni-body&amp;ut=Zloty%20Gron&amp;uc=9ronZxUzuz&amp;ud=49%C2%B034%272.304%22N%2C%2018%C2%B054%2741.872%22E&amp;x=18.9116311&amp;y=49.5681348&amp;z=16\">7,7 km na S<\/a><\/td><\/tr><tr><td>Zloty Gru\u0148 doln\u00e1 st., 550 m.n.m. J<\/td><td><a href=\"https:\/\/zlotygron-stok.webcamera.pl\/\/\">plynule<\/a><\/td><td><a href=\"https:\/\/sk.mapy.cz\/turisticka?vlastni-body&amp;ut=Zloty%20gron&amp;uc=9rp7ZxVAEK&amp;ud=49%C2%B034%2723.971%22N%2C%2018%C2%B055%271.956%22E&amp;x=18.9146459&amp;y=49.5728974&amp;z=16\">8,4 km na S<\/a><\/td><\/tr><tr><td>Zloty Gru\u0148, 550 m.n.m., \u0161k\u00f4lka, J<\/td><td><a href=\"https:\/\/zlotygron-szkolka.webcamera.pl\/\">plynule<\/a><\/td><td><a href=\"https:\/\/sk.mapy.cz\/turisticka?vlastni-body&amp;ut=Zloty%20Gron%20skolka&amp;uc=9rqBSxV0VS&amp;ud=Za%20Groniem&amp;x=18.9184654&amp;y=49.5709771&amp;z=14\">8,4 km na S<\/a><\/td><\/tr><tr><td>Dedovka, 930 n.m.m., SZ<\/td><td><a href=\"https:\/\/www.holidayinfo.sk\/sk\/kamery\/velka-raca-dedovka\">foto hod., klik KAMERY<\/a><\/td><td><a href=\"https:\/\/sk.mapy.cz\/turisticka?vlastni-body&amp;ut=Oscadnica%20Dedovka&amp;uc=9rsfexUDw9&amp;ud=49%C2%B024%2729.113%22N%2C%2018%C2%B055%2758.231%22E&amp;x=18.9324236&amp;y=49.4081743&amp;z=17\">9 km na J<\/a><\/td><\/tr><tr><td>Kubalonka 790 n.m.m. biatlon S<\/td><td><a href=\"https:\/\/istebna-kubalonka-trasa.webcamera.pl\/\">ot\u00e1\u010da sa<\/a><\/td><td><a href=\"https:\/\/sk.mapy.cz\/turisticka?vlastni-body&amp;ut=kubalonka&amp;uc=9r7RjxVJTd&amp;ud=49%C2%B036%2715.418%22N%2C%2018%C2%B054%2713.822%22E&amp;x=18.9016936&amp;y=49.6067753&amp;z=13\">12 km na S<\/a><\/td><\/tr><tr><td>\u010cadca \u2013 Hus\u00e1rik, 710 m.n.m., SV<\/td><td><a href=\"https:\/\/www.hotelhusarik.sk\/panorama\/\">plynule<\/a><\/td><td><a href=\"https:\/\/sk.mapy.cz\/turisticka?vlastni-body&amp;ut=Husarik&amp;uc=9rVRzxUEd8&amp;ud=49%C2%B024%2745.259%22N%2C%2018%C2%B046%2739.074%22E&amp;x=18.7792051&amp;y=49.4119822&amp;z=17\">13 km na JZ<\/a><\/td><\/tr><tr><td>doprava \u2013 Dunajov, KNM, Skalka<\/td><td><a href=\"https:\/\/www.mojekysuce.sk\/doprava\/\">ka\u017ed\u00fa min\u00fatu<\/a><\/td><td><a href=\"https:\/\/sk.mapy.cz\/turisticka?vlastni-body&amp;ut=Dunajov&amp;ut=Skalka&amp;ut=Budatinska%20Lehota&amp;uc=9rbzLx8pIV120x8UYA5O0jjh&amp;ud=49%C2%B021%2733.535%22N%2C%2018%C2%B049%2729.714%22E&amp;ud=49%C2%B017%2719.174%22N%2C%2018%C2%B046%2753.056%22E&amp;ud=11&amp;x=18.7919617&amp;y=49.2999108&amp;z=12\">20-30 km na J<\/a><\/td><\/tr><tr><td>Skrzyczne, 1257 m.n.m., S<\/td><td><a href=\"http:\/\/www.skrzyczne.cos.pl\/fis-kamera-obrotowa.html\">ot\u00e1\u010da sa<\/a><\/td><td><a href=\"https:\/\/sk.mapy.cz\/turisticka?vlastni-body&amp;ut=Skrzyczne&amp;uc=9sG1oxVhtQ&amp;ud=49%C2%B041%277.067%22N%2C%2019%C2%B01%2752.083%22E&amp;x=19.0334195&amp;y=49.6850361&amp;z=15\">22 km na S<\/a><\/td><\/tr><tr><td>Rysianka, 1322 m.n.m., V<\/td><td><a href=\"https:\/\/korbielow.net\/kamera-rysianka\/\">plynule<\/a><\/td><td><a href=\"https:\/\/sk.mapy.cz\/turisticka?vlastni-body&amp;ut=Rysianka&amp;uc=9skGZxUp9F&amp;ud=49%C2%B032%2713.255%22N%2C%2019%C2%B013%2756.261%22E&amp;x=19.2282391&amp;y=49.5367158&amp;z=16\">23 km na V<\/a><\/td><\/tr><tr><td>Javorovy 947 m.n.m. S<\/td><td><a href=\"https:\/\/www.chmi.cz\/files\/portal\/docs\/meteo\/kam\/prohlizec.html?cam=javorovy\">fotka 5min, chmi.cz<\/a><\/td><td><a href=\"https:\/\/sk.mapy.cz\/turisticka?vlastni-body&amp;ut=Javorovy&amp;uc=9q.2SxVQ9o&amp;ud=49%C2%B037%2739.651%22N%2C%2018%C2%B037%2740.002%22E&amp;x=18.6262924&amp;y=49.6270275&amp;z=17\">25 km na SZ<\/a><\/td><\/tr><tr><td>Pilsko, 1380 m.n.m., V<\/td><td><a href=\"https:\/\/korbielow.net\/pilsko-kamera-online\/\">plynule<\/a><\/td><td><a href=\"https:\/\/sk.mapy.cz\/turisticka?vlastni-body&amp;ut=Pilsko&amp;uc=9sxUOxUp7L&amp;ud=49%C2%B032%2712.190%22N%2C%2019%C2%B018%2758.085%22E&amp;x=19.3164781&amp;y=49.5363608&amp;z=14\">30 km na V<\/a><\/td><\/tr><tr><td>Hala Miziowa, 1330 m.n.m., V<\/td><td><a href=\"https:\/\/korbielow.net\/kamera-hala-miziowa\/\">plynule<\/a><\/td><td><a href=\"https:\/\/sk.mapy.cz\/turisticka?vlastni-body&amp;ut=Hala%20Miziowa&amp;uc=9sxp4xUrTJ&amp;ud=49%C2%B032%2727.942%22N%2C%2019%C2%B019%276.081%22E&amp;x=19.3181467&amp;y=49.5406129&amp;z=14\">30 km na V<\/a><\/td><\/tr><tr><td>Lysa hora, 1324 m.n.m., SZ<\/td><td><a href=\"https:\/\/www.chmi.cz\/files\/portal\/docs\/meteo\/kam\/prohlizec.html?cam=lysa_hora1\">fotka ka\u017ed\u00fdch 5min<\/a><\/td><td><a href=\"https:\/\/sk.mapy.cz\/turisticka?vlastni-body&amp;ut=Lysa%20Hora&amp;uc=9qZ6jxUtIV&amp;ud=49%C2%B032%2745.899%22N%2C%2018%C2%B026%2751.228%22E&amp;x=18.4479255&amp;y=49.5462249&amp;z=19\">35 km na Z<\/a><\/td><\/tr><tr><td>Lysa hora, 1324 m.n.m., JV<\/td><td><a href=\"https:\/\/www.chmi.cz\/files\/portal\/docs\/meteo\/kam\/prohlizec.html?cam=lysa_hora2\">fotka ka\u017ed\u00fdch 5min<\/a><\/td><td><a href=\"https:\/\/sk.mapy.cz\/turisticka?vlastni-body&amp;ut=Lysa%20Hora&amp;uc=9qZ6jxUtIV&amp;ud=49%C2%B032%2745.899%22N%2C%2018%C2%B026%2751.228%22E&amp;x=18.4533757&amp;y=49.5529429&amp;z=12\">35 km na Z<\/a><\/td><\/tr><tr><td>Lysa hora, 1324 m.n.m., JZ<\/td><td><a href=\"https:\/\/www.chmi.cz\/files\/portal\/docs\/meteo\/kam\/prohlizec.html?cam=lysa_hora3\">fotka ka\u017ed\u00fdch 5min<\/a><\/td><td><a href=\"https:\/\/sk.mapy.cz\/turisticka?vlastni-body&amp;ut=Lysa%20Hora&amp;uc=9qZ6jxUtIV&amp;ud=49%C2%B032%2745.899%22N%2C%2018%C2%B026%2751.228%22E&amp;x=18.4479255&amp;y=49.5462249&amp;z=19\">35 km na Z<\/a><\/td><\/tr><tr><td>Pustevny, 1030 m.n.m., V<\/td><td><a href=\"https:\/\/www.hvfree.net\/kamery\/kamera-pustevny-rozcesti\/\">live + zvuk, klik Dal\u0161\u00ed kamery<\/a><\/td><td><a href=\"https:\/\/sk.mapy.cz\/turisticka?vlastni-body&amp;ut=Pustevny&amp;uc=9pyASxUbc-&amp;ud=49%C2%B029%2721.976%22N%2C%2018%C2%B015%2753.590%22E&amp;x=18.2674289&amp;y=49.4908421&amp;z=13\">47 km na Z<\/a><\/td><\/tr><tr><td>omse ceske slovenske casy<\/td><td><a href=\"https:\/\/www.mseonline.cz\/\">CZ, len prenosy<\/a><\/td><td><a href=\"https:\/\/www.dokostola.sk\/bohosluzby\/internetova-obec\">SK, klik na kalend\u00e1r<\/a><\/td><\/tr><\/tbody><\/table><\/figure>\n ","protected":false},"excerpt":{"rendered":"<p>Popis kamery Link na kameru a in\u00e9 kamery Poloha od Skalit\u00e9ho na mapy.cz Skalit\u00e9 ,594 m.n.m. oto\u010den\u00e1 na JV fotka 5 min 0 km Koniakow , 760 m.n.m ot\u00e1\u010da sa 7 km na SV Zwardo\u0148 vlek horn\u00e1 st. 800 m.n.m ot\u00e1\u010da sa cel\u00e1 zjazdovka 7 km na V Zwardo\u0148 spodn\u00e1 st., 700 m.n.m, J plynule &hellip; <a href=\"https:\/\/www.gonscak.sk\/?page_id=978\" class=\"more-link\">Continue reading <span class=\"screen-reader-text\">Kamery a in\u00e9<\/span><\/a><\/p>\n","protected":false},"author":1,"featured_media":0,"parent":0,"menu_order":0,"comment_status":"closed","ping_status":"closed","template":"","meta":{"footnotes":""},"class_list":["post-978","page","type-page","status-publish","hentry"],"_links":{"self":[{"href":"https:\/\/www.gonscak.sk\/index.php?rest_route=\/wp\/v2\/pages\/978","targetHints":{"allow":["GET"]}}],"collection":[{"href":"https:\/\/www.gonscak.sk\/index.php?rest_route=\/wp\/v2\/pages"}],"about":[{"href":"https:\/\/www.gonscak.sk\/index.php?rest_route=\/wp\/v2\/types\/page"}],"author":[{"embeddable":true,"href":"https:\/\/www.gonscak.sk\/index.php?rest_route=\/wp\/v2\/users\/1"}],"replies":[{"embeddable":true,"href":"https:\/\/www.gonscak.sk\/index.php?rest_route=%2Fwp%2Fv2%2Fcomments&post=978"}],"version-history":[{"count":18,"href":"https:\/\/www.gonscak.sk\/index.php?rest_route=\/wp\/v2\/pages\/978\/revisions"}],"predecessor-version":[{"id":1012,"href":"https:\/\/www.gonscak.sk\/index.php?rest_route=\/wp\/v2\/pages\/978\/revisions\/1012"}],"wp:attachment":[{"href":"https:\/\/www.gonscak.sk\/index.php?rest_route=%2Fwp%2Fv2%2Fmedia&parent=978"}],"curies":[{"name":"wp","href":"https:\/\/api.w.org\/{rel}","templated":true}]}}