{"id":951,"date":"2023-10-18T20:46:29","date_gmt":"2023-10-18T18:46:29","guid":{"rendered":"https:\/\/www.gonscak.sk\/?page_id=951"},"modified":"2023-11-06T09:11:41","modified_gmt":"2023-11-06T08:11:41","slug":"daruj-krv-zachranis-zivot","status":"publish","type":"page","link":"https:\/\/www.gonscak.sk\/?page_id=951","title":{"rendered":"Daruj krv, zachr\u00e1ni\u0161 \u017eivot!!!"},"content":{"rendered":"\n<h2 class=\"wp-block-heading\"><\/h2>\n\n\n\n<p>Poz\u00fdvame V\u00e1s na Mikul\u00e1\u0161sku kvapku krvi, ktor\u00e1 sa uskuto\u010dn\u00ed 4.12.2023 (pondelok). Odber sa bude kona\u0165 v Kysuckej nemocnici s&nbsp;poliklinikou \u010cadca.<\/p>\n\n\n\n<p>Kv\u00f4li logistike oh\u013eadom odvozu\/dovozu a kapac\u00edt, poprosili by sme V\u00e1s o vyplnenie z\u00e1v\u00e4znej prihl\u00e1\u0161ky na adrese:<\/p>\n\n\n\n<p><a href=\"https:\/\/cloud.gonscak.sk\/apps\/forms\/s\/ir8ac4GoDAxpt67P6dZCNjdT\">Prihl\u00e1\u0161ka<\/a><\/p>\n\n\n\n<p>Nezabudni si vzia\u0165 so sebou ob\u010diansky preukaz, pr\u00edpadne preukaz darcu (ak u\u017e si daroval)<\/p>\n\n\n\n<h3 class=\"wp-block-heading\">Inform\u00e1cie pre darcov krvi<\/h3>\n\n\n\n<p>Darcom krvi m\u00f4\u017ee by\u0165 zdrav\u00fd \u010dlovek vo veku 18 \u2013 60 rokov s&nbsp;telesnou hmotnos\u0165ou minim\u00e1lne 50 kg. ( Na z\u00e1klade individu\u00e1lneho pos\u00fadenia lek\u00e1rom m\u00f4\u017eu krv darova\u0165 osoby do 65. roku \u017eivota.)<\/p>\n\n\n\n<p>Pr\u00edprava na odber krvi: r\u00e1no pred odberom dostato\u010dn\u00fd pr\u00edsun tekut\u00edn (\u010daj, miner\u00e1lka, d\u017e\u00fas) a nah\u00e9 ra\u0148ajky (pe\u010divo, d\u017eem, med, ovocie, zelenina), nejes\u0165 mlie\u010dne v\u00fdrobky, \u00fadeniny apod. Neodpor\u00fa\u010dame pr\u00eds\u0165 po fyzickej a psychickej z\u00e1\u0165a\u017ei. Nie je vhodn\u00e9 darova\u0165 krv po\u010das men\u0161tru\u00e1cie, tesne pred a po nej.<\/p>\n\n\n\n<h4 class=\"wp-block-heading\">Prek\u00e1\u017eky pre darovanie krvi<\/h4>\n\n\n\n<p>Do\u010dasne nem\u00f4\u017eu darova\u0165 krv po prekonan\u00ed be\u017en\u00fdch infekci\u00ed napr. horn\u00fdch d\u00fdchac\u00edch ciest, herpes labialis a po ukon\u010den\u00ed u\u017e\u00edvania ATB minim\u00e1lne 2-3 t\u00fd\u017edne, po absolvovan\u00ed niektor\u00fdch \u00fakonov (oper\u00e1ciach, endoskopia, katetriz\u00e1cia ciev, transf\u00fazia krvi, tetovanie, piercing, aplik\u00e1cia n\u00e1u\u0161n\u00edc, akupunkt\u00fara) minim\u00e1lne 6 mesiacov, po o\u0161etren\u00ed zub\u00e1rom 7 dn\u00ed, u\u017e\u00edvan\u00ed niektor\u00fdch liekov (potrebn\u00e1 konzult\u00e1cia lek\u00e1ra), alergickom ochoren\u00ed v\u00a0\u010dase klinick\u00fdch pr\u00edznakov, po prisat\u00ed klie\u0161\u0165a mesiac, po pobyte v\u00a0oblastiach s\u00a0v\u00fdskytom vt\u00e1\u010dej chr\u00edpky minim\u00e1lne 1 mesiac, mal\u00e1rie bez jej klinick\u00fdch pr\u00edznakov minim\u00e1lne 6 mesiacov.<\/p>\n\n\n\n<p>Trvalo nem\u00f4\u017eu darova\u0165 krv osoby so z\u00e1va\u017en\u00fdmi ochoreniami, s&nbsp;anamn\u00e9zou vn\u00fatrosvalov\u00e9ho alebo vn\u00fatro\u017eilov\u00e9ho pod\u00e1vania drog, u\u017e\u00edvania anabolick\u00fdch steroidov, promiskuitn\u00e9ho sp\u00f4sobu \u017eivota, pozitivitou testov na AIDS (HIV), \u017elta\u010dku typu B alebo C.<\/p>\n\n\n\n<p>Viacej info n\u00e1jde\u0161 na str\u00e1nke <a href=\"https:\/\/www.kysuckanemocnica.sk\/spolocne-vysetrovacie-a-liecebne-zlozky\/oddelenie-hematologie-a-transfuziologie\" data-type=\"link\" data-id=\"https:\/\/www.kysuckanemocnica.sk\/spolocne-vysetrovacie-a-liecebne-zlozky\/oddelenie-hematologie-a-transfuziologie\">Kysuckej nemocnice<\/a> alebo <a href=\"https:\/\/www.ntssr.sk\/\" data-type=\"link\" data-id=\"https:\/\/www.ntssr.sk\/\">n\u00e1rodnej transf\u00faznej stanice SR<\/a><\/p>\n\n\n\n<h3 class=\"wp-block-heading\">Ka\u017ed\u00e1 kvapka d\u00e1va n\u00e1dej na \u017eivot. <\/h3>\n\n\n\n<p>Sme t\u00edm nad\u0161encov, ktor\u00ed sa sna\u017eia nezi\u0161tne pom\u00e1ha\u0165. Tom\u00e1\u0161 Kone\u010dn\u00fd, Stanislav Gon\u0161\u010d\u00e1k, Veronika Gon\u0161\u010d\u00e1kov\u00e1, Ivana R\u0151merov\u00e1, vdp. Martin Dani\u0161ek a mo\u017eno aj TY.<\/p>\n ","protected":false},"excerpt":{"rendered":"<p>Poz\u00fdvame V\u00e1s na Mikul\u00e1\u0161sku kvapku krvi, ktor\u00e1 sa uskuto\u010dn\u00ed 4.12.2023 (pondelok). Odber sa bude kona\u0165 v Kysuckej nemocnici s&nbsp;poliklinikou \u010cadca. Kv\u00f4li logistike oh\u013eadom odvozu\/dovozu a kapac\u00edt, poprosili by sme V\u00e1s o vyplnenie z\u00e1v\u00e4znej prihl\u00e1\u0161ky na adrese: Prihl\u00e1\u0161ka Nezabudni si vzia\u0165 so sebou ob\u010diansky preukaz, pr\u00edpadne preukaz darcu (ak u\u017e si daroval) Inform\u00e1cie pre darcov krvi &hellip; <a href=\"https:\/\/www.gonscak.sk\/?page_id=951\" class=\"more-link\">Continue reading <span class=\"screen-reader-text\">Daruj krv, zachr\u00e1ni\u0161 \u017eivot!!!<\/span><\/a><\/p>\n","protected":false},"author":1,"featured_media":953,"parent":0,"menu_order":0,"comment_status":"closed","ping_status":"closed","template":"","meta":{"footnotes":""},"class_list":["post-951","page","type-page","status-publish","has-post-thumbnail","hentry"],"_links":{"self":[{"href":"https:\/\/www.gonscak.sk\/index.php?rest_route=\/wp\/v2\/pages\/951","targetHints":{"allow":["GET"]}}],"collection":[{"href":"https:\/\/www.gonscak.sk\/index.php?rest_route=\/wp\/v2\/pages"}],"about":[{"href":"https:\/\/www.gonscak.sk\/index.php?rest_route=\/wp\/v2\/types\/page"}],"author":[{"embeddable":true,"href":"https:\/\/www.gonscak.sk\/index.php?rest_route=\/wp\/v2\/users\/1"}],"replies":[{"embeddable":true,"href":"https:\/\/www.gonscak.sk\/index.php?rest_route=%2Fwp%2Fv2%2Fcomments&post=951"}],"version-history":[{"count":15,"href":"https:\/\/www.gonscak.sk\/index.php?rest_route=\/wp\/v2\/pages\/951\/revisions"}],"predecessor-version":[{"id":974,"href":"https:\/\/www.gonscak.sk\/index.php?rest_route=\/wp\/v2\/pages\/951\/revisions\/974"}],"wp:featuredmedia":[{"embeddable":true,"href":"https:\/\/www.gonscak.sk\/index.php?rest_route=\/wp\/v2\/media\/953"}],"wp:attachment":[{"href":"https:\/\/www.gonscak.sk\/index.php?rest_route=%2Fwp%2Fv2%2Fmedia&parent=951"}],"curies":[{"name":"wp","href":"https:\/\/api.w.org\/{rel}","templated":true}]}}