{"id":549,"date":"2020-04-03T15:37:03","date_gmt":"2020-04-03T13:37:03","guid":{"rendered":"https:\/\/www.gonscak.sk\/?page_id=549"},"modified":"2020-05-11T09:33:43","modified_gmt":"2020-05-11T07:33:43","slug":"domaci-kvaskovy-chlebik","status":"publish","type":"page","link":"https:\/\/www.gonscak.sk\/?page_id=549","title":{"rendered":"Dom\u00e1ci kv\u00e1skov\u00fd chleb\u00edk"},"content":{"rendered":"\n<p>Ahojte, tak po dlhej dobe som spravil n\u00e1vod na dom\u00e1ci kv\u00e1skov\u00fd chleba. Celkov\u00e1 hmotnos\u0165 je cca 1kg.<\/p>\n\n\n\n<p>Za\u010dneme teda t\u00fdm, \u017ee m\u00e1me kv\u00e1sok v chladni\u010dke. Vytiahneme \ud83d\ude42<\/p>\n\n\n\n<figure class=\"wp-block-image size-large\"><img loading=\"lazy\" decoding=\"async\" width=\"1024\" height=\"768\" src=\"https:\/\/www.gonscak.sk\/wp-content\/uploads\/2020\/04\/01-1024x768.jpg\" alt=\"\" class=\"wp-image-550\" srcset=\"https:\/\/www.gonscak.sk\/wp-content\/uploads\/2020\/04\/01-1024x768.jpg 1024w, https:\/\/www.gonscak.sk\/wp-content\/uploads\/2020\/04\/01-300x225.jpg 300w, https:\/\/www.gonscak.sk\/wp-content\/uploads\/2020\/04\/01-768x576.jpg 768w, https:\/\/www.gonscak.sk\/wp-content\/uploads\/2020\/04\/01-1536x1152.jpg 1536w, https:\/\/www.gonscak.sk\/wp-content\/uploads\/2020\/04\/01-2048x1536.jpg 2048w\" sizes=\"auto, (max-width: 1024px) 100vw, 1024px\" \/><figcaption>kv\u00e1sok m\u00e1m v chladni\u010dke v tejto d\u00f3zi\u010dke<\/figcaption><\/figure>\n\n\n\n<p>Kv\u00e1sok je kr\u00e1sny&#8230;. <\/p>\n\n\n\n<figure class=\"wp-block-image size-large\"><img loading=\"lazy\" decoding=\"async\" width=\"1024\" height=\"811\" src=\"https:\/\/www.gonscak.sk\/wp-content\/uploads\/2020\/04\/02-1024x811.jpg\" alt=\"\" class=\"wp-image-552\" srcset=\"https:\/\/www.gonscak.sk\/wp-content\/uploads\/2020\/04\/02-1024x811.jpg 1024w, https:\/\/www.gonscak.sk\/wp-content\/uploads\/2020\/04\/02-300x238.jpg 300w, https:\/\/www.gonscak.sk\/wp-content\/uploads\/2020\/04\/02-768x609.jpg 768w, https:\/\/www.gonscak.sk\/wp-content\/uploads\/2020\/04\/02-1536x1217.jpg 1536w, https:\/\/www.gonscak.sk\/wp-content\/uploads\/2020\/04\/02-2048x1623.jpg 2048w\" sizes=\"auto, (max-width: 1024px) 100vw, 1024px\" \/><figcaption>pekne bublinkuje<\/figcaption><\/figure>\n\n\n\n<p>N\u00e1sledne si ho vyklop\u00edm donejakej misky a prilo\u017e\u00edm nov\u00fa m\u00faku. Vyrob\u00edm vlastne z\u00e1kvas. Prid\u00e1vam 3 ly\u017eice celozrnnej m\u00faky (je jedno ak\u00e1) a \u010fal\u0161ie 3 ly\u017eice oby\u010dajnej m\u00faky (hladk\u00e1, alebo polohr\u00fab\u00e1)&#8230;ako kedy.<\/p>\n\n\n\n<figure class=\"wp-block-image size-large\"><img loading=\"lazy\" decoding=\"async\" width=\"1024\" height=\"901\" src=\"https:\/\/www.gonscak.sk\/wp-content\/uploads\/2020\/04\/03-1024x901.jpg\" alt=\"\" class=\"wp-image-551\" srcset=\"https:\/\/www.gonscak.sk\/wp-content\/uploads\/2020\/04\/03-1024x901.jpg 1024w, https:\/\/www.gonscak.sk\/wp-content\/uploads\/2020\/04\/03-300x264.jpg 300w, https:\/\/www.gonscak.sk\/wp-content\/uploads\/2020\/04\/03-768x675.jpg 768w, https:\/\/www.gonscak.sk\/wp-content\/uploads\/2020\/04\/03-1536x1351.jpg 1536w, https:\/\/www.gonscak.sk\/wp-content\/uploads\/2020\/04\/03-2048x1801.jpg 2048w\" sizes=\"auto, (max-width: 1024px) 100vw, 1024px\" \/><figcaption>dnes som pou\u017eil tieto<\/figcaption><\/figure>\n\n\n\n<p>Pred pridan\u00edm vody a kv\u00e1sku:<\/p>\n\n\n\n<figure class=\"wp-block-image size-large\"><img loading=\"lazy\" decoding=\"async\" width=\"768\" height=\"1024\" src=\"https:\/\/www.gonscak.sk\/wp-content\/uploads\/2020\/04\/04-768x1024.jpg\" alt=\"\" class=\"wp-image-553\" srcset=\"https:\/\/www.gonscak.sk\/wp-content\/uploads\/2020\/04\/04-768x1024.jpg 768w, https:\/\/www.gonscak.sk\/wp-content\/uploads\/2020\/04\/04-225x300.jpg 225w, https:\/\/www.gonscak.sk\/wp-content\/uploads\/2020\/04\/04-1152x1536.jpg 1152w, https:\/\/www.gonscak.sk\/wp-content\/uploads\/2020\/04\/04-1536x2048.jpg 1536w, https:\/\/www.gonscak.sk\/wp-content\/uploads\/2020\/04\/04-scaled.jpg 1920w\" sizes=\"auto, (max-width: 768px) 100vw, 768px\" \/><figcaption>toto je t\u00fdch 6 ly\u017e\u00edc m\u00faky na z\u00e1kvas. tri a tri \ud83d\ude42<\/figcaption><\/figure>\n\n\n\n<p>Prid\u00e1m vody, odhad asi 100-150ml. Prilievam postupne a mie\u0161am, aby to bola tak\u00e1 pekn\u00e1 ka\u0161i\u010dka:<\/p>\n\n\n\n<figure class=\"wp-block-image size-large\"><img loading=\"lazy\" decoding=\"async\" width=\"905\" height=\"1024\" src=\"https:\/\/www.gonscak.sk\/wp-content\/uploads\/2020\/04\/05-905x1024.jpg\" alt=\"\" class=\"wp-image-556\" srcset=\"https:\/\/www.gonscak.sk\/wp-content\/uploads\/2020\/04\/05-905x1024.jpg 905w, https:\/\/www.gonscak.sk\/wp-content\/uploads\/2020\/04\/05-265x300.jpg 265w, https:\/\/www.gonscak.sk\/wp-content\/uploads\/2020\/04\/05-768x869.jpg 768w, https:\/\/www.gonscak.sk\/wp-content\/uploads\/2020\/04\/05-1357x1536.jpg 1357w, https:\/\/www.gonscak.sk\/wp-content\/uploads\/2020\/04\/05-1809x2048.jpg 1809w\" sizes=\"auto, (max-width: 905px) 100vw, 905px\" \/><figcaption>e\u0161te vodu&#8230;<\/figcaption><\/figure>\n\n\n\n<figure class=\"wp-block-image size-large\"><img loading=\"lazy\" decoding=\"async\" width=\"1024\" height=\"754\" src=\"https:\/\/www.gonscak.sk\/wp-content\/uploads\/2020\/04\/06-1024x754.jpg\" alt=\"\" class=\"wp-image-555\" srcset=\"https:\/\/www.gonscak.sk\/wp-content\/uploads\/2020\/04\/06-1024x754.jpg 1024w, https:\/\/www.gonscak.sk\/wp-content\/uploads\/2020\/04\/06-300x221.jpg 300w, https:\/\/www.gonscak.sk\/wp-content\/uploads\/2020\/04\/06-768x565.jpg 768w, https:\/\/www.gonscak.sk\/wp-content\/uploads\/2020\/04\/06-1536x1130.jpg 1536w, https:\/\/www.gonscak.sk\/wp-content\/uploads\/2020\/04\/06-2048x1507.jpg 2048w\" sizes=\"auto, (max-width: 1024px) 100vw, 1024px\" \/><figcaption>z\u00e1kvas pred kvasen\u00edm<\/figcaption><\/figure>\n\n\n\n<p>Misku si prikryjem a d\u00e1m na 4-5 hod\u00edn pracova\u0165 pri izbovej teplote:<\/p>\n\n\n\n<figure class=\"wp-block-image size-large\"><img loading=\"lazy\" decoding=\"async\" width=\"1024\" height=\"652\" src=\"https:\/\/www.gonscak.sk\/wp-content\/uploads\/2020\/04\/07-1024x652.jpg\" alt=\"\" class=\"wp-image-558\" srcset=\"https:\/\/www.gonscak.sk\/wp-content\/uploads\/2020\/04\/07-1024x652.jpg 1024w, https:\/\/www.gonscak.sk\/wp-content\/uploads\/2020\/04\/07-300x191.jpg 300w, https:\/\/www.gonscak.sk\/wp-content\/uploads\/2020\/04\/07-768x489.jpg 768w, https:\/\/www.gonscak.sk\/wp-content\/uploads\/2020\/04\/07-1536x979.jpg 1536w, https:\/\/www.gonscak.sk\/wp-content\/uploads\/2020\/04\/07-2048x1305.jpg 2048w\" sizes=\"auto, (max-width: 1024px) 100vw, 1024px\" \/><figcaption>nech\u00e1me pri izbovej teplote pracova\u0165 4-5 hod.<\/figcaption><\/figure>\n\n\n\n<p>A vuala, po 5 hodin\u00e1ch pekne vonia a bublinkuje:<\/p>\n\n\n\n<figure class=\"wp-block-image size-large\"><img loading=\"lazy\" decoding=\"async\" width=\"1024\" height=\"699\" src=\"https:\/\/www.gonscak.sk\/wp-content\/uploads\/2020\/04\/08-1024x699.jpg\" alt=\"\" class=\"wp-image-559\" srcset=\"https:\/\/www.gonscak.sk\/wp-content\/uploads\/2020\/04\/08-1024x699.jpg 1024w, https:\/\/www.gonscak.sk\/wp-content\/uploads\/2020\/04\/08-300x205.jpg 300w, https:\/\/www.gonscak.sk\/wp-content\/uploads\/2020\/04\/08-768x524.jpg 768w, https:\/\/www.gonscak.sk\/wp-content\/uploads\/2020\/04\/08-1536x1048.jpg 1536w, https:\/\/www.gonscak.sk\/wp-content\/uploads\/2020\/04\/08-2048x1398.jpg 2048w\" sizes=\"auto, (max-width: 1024px) 100vw, 1024px\" \/><\/figure>\n\n\n\n<p>Teraz si odlo\u017e\u00edme tretinu kv\u00e1sku do chladni\u010dky do bud\u00facna (vych\u00e1dza mi to na cca 3 ly\u017eice). <\/p>\n\n\n\n<figure class=\"wp-block-image size-large\"><img loading=\"lazy\" decoding=\"async\" width=\"1024\" height=\"799\" src=\"https:\/\/www.gonscak.sk\/wp-content\/uploads\/2020\/04\/09-1024x799.jpg\" alt=\"\" class=\"wp-image-561\" srcset=\"https:\/\/www.gonscak.sk\/wp-content\/uploads\/2020\/04\/09-1024x799.jpg 1024w, https:\/\/www.gonscak.sk\/wp-content\/uploads\/2020\/04\/09-300x234.jpg 300w, https:\/\/www.gonscak.sk\/wp-content\/uploads\/2020\/04\/09-768x599.jpg 768w, https:\/\/www.gonscak.sk\/wp-content\/uploads\/2020\/04\/09-1536x1199.jpg 1536w, https:\/\/www.gonscak.sk\/wp-content\/uploads\/2020\/04\/09-2048x1598.jpg 2048w\" sizes=\"auto, (max-width: 1024px) 100vw, 1024px\" \/><figcaption>tretina \u0161up do chladni\u010dky. Vydr\u017e\u00ed n\u00e1m tam 2 t\u00fd\u017edne<\/figcaption><\/figure>\n\n\n\n<p>Teraz si do v\u00e4\u010d\u0161ej misky k\u00f4li mieseniu cesta nachyst\u00e1m zvy\u0161n\u00e9 ingrediencie. A to:<\/p>\n\n\n\n<ul class=\"wp-block-list\"><li>450-500 g m\u00faky. Pou\u017e\u00edvam polovicu hladkej a polovicu polohrubej oby\u010dajnej m\u00faky z jednoty, alebo z Biedronky. V podstate je typ m\u00faky asi \u013eubovo\u013en\u00fd, ale celozrnn\u00e1 kvasi menej<\/li><li>150-250ml vody &#8211; m\u00f4\u017ee sa meni\u0165 v z\u00e1vislosti od vlhosti m\u00faky, riedkosti kv\u00e1sku&#8230;<\/li><li>k\u00fasok olivov\u00e9ho alebo slne\u010dnicov\u00e9ho oleja. <\/li><li>2 ly\u017ei\u010dky soli<\/li><li>trochu km\u00ednu<\/li><li>trochu major\u00e1nky<\/li><li>trochu \u010dierneho korenia mlet\u00e9ho<\/li><li>\u0161tipku \u010derstvo podrven\u00e9ho \u010dierneho korenia<\/li><li>zop\u00e1r semia\u010dok (slne\u010dnice, tekvice&#8230;)<\/li><li>zvy\u0161n\u00fd kv\u00e1sok z rozkvasu, po odlo\u017een\u00ed \u010diastky na bud\u00face kv\u00e1skovanie<\/li><\/ul>\n\n\n\n<figure class=\"wp-block-image size-large\"><img loading=\"lazy\" decoding=\"async\" width=\"1024\" height=\"768\" src=\"https:\/\/www.gonscak.sk\/wp-content\/uploads\/2020\/04\/10-1024x768.jpg\" alt=\"\" class=\"wp-image-562\" srcset=\"https:\/\/www.gonscak.sk\/wp-content\/uploads\/2020\/04\/10-1024x768.jpg 1024w, https:\/\/www.gonscak.sk\/wp-content\/uploads\/2020\/04\/10-300x225.jpg 300w, https:\/\/www.gonscak.sk\/wp-content\/uploads\/2020\/04\/10-768x576.jpg 768w, https:\/\/www.gonscak.sk\/wp-content\/uploads\/2020\/04\/10-1536x1152.jpg 1536w, https:\/\/www.gonscak.sk\/wp-content\/uploads\/2020\/04\/10-2048x1536.jpg 2048w\" sizes=\"auto, (max-width: 1024px) 100vw, 1024px\" \/><figcaption>ingrediencie v kope<\/figcaption><\/figure>\n\n\n\n<p>V\u0161etko riadne premie\u0161am (ru\u010dn\u00e1 pr\u00e1ca), nako\u013eko pek\u00e1rni\u010dka to tuh\u0161ie cesto nezvl\u00e1dne:<\/p>\n\n\n\n<figure class=\"wp-block-image size-large\"><img loading=\"lazy\" decoding=\"async\" width=\"1024\" height=\"768\" src=\"https:\/\/www.gonscak.sk\/wp-content\/uploads\/2020\/04\/11-1024x768.jpg\" alt=\"\" class=\"wp-image-563\" srcset=\"https:\/\/www.gonscak.sk\/wp-content\/uploads\/2020\/04\/11-1024x768.jpg 1024w, https:\/\/www.gonscak.sk\/wp-content\/uploads\/2020\/04\/11-300x225.jpg 300w, https:\/\/www.gonscak.sk\/wp-content\/uploads\/2020\/04\/11-768x576.jpg 768w, https:\/\/www.gonscak.sk\/wp-content\/uploads\/2020\/04\/11-1536x1152.jpg 1536w, https:\/\/www.gonscak.sk\/wp-content\/uploads\/2020\/04\/11-2048x1536.jpg 2048w\" sizes=\"auto, (max-width: 1024px) 100vw, 1024px\" \/><figcaption>cest\u00ed\u010dko pripraven\u00e9 do o\u0161atky<\/figcaption><\/figure>\n\n\n\n<p>O\u0161atku si poriadne om\u00fa\u010dime, aby sa n\u00e1m cesto pri kvasen\u00ed nenalepilo na boky. A nech\u00e1me 7-12 hod\u00edn pri izbovej teplote pracova\u0165:<\/p>\n\n\n\n<figure class=\"wp-block-image size-large\"><img loading=\"lazy\" decoding=\"async\" width=\"1024\" height=\"768\" src=\"https:\/\/www.gonscak.sk\/wp-content\/uploads\/2020\/04\/12-1024x768.jpg\" alt=\"\" class=\"wp-image-565\" srcset=\"https:\/\/www.gonscak.sk\/wp-content\/uploads\/2020\/04\/12-1024x768.jpg 1024w, https:\/\/www.gonscak.sk\/wp-content\/uploads\/2020\/04\/12-300x225.jpg 300w, https:\/\/www.gonscak.sk\/wp-content\/uploads\/2020\/04\/12-768x576.jpg 768w, https:\/\/www.gonscak.sk\/wp-content\/uploads\/2020\/04\/12-1536x1152.jpg 1536w, https:\/\/www.gonscak.sk\/wp-content\/uploads\/2020\/04\/12-2048x1536.jpg 2048w\" sizes=\"auto, (max-width: 1024px) 100vw, 1024px\" \/><figcaption>o\u0161atku si prikryjeme utierkou\/s\u00e1\u010dkom. Nech n\u00e1m neobschne<\/figcaption><\/figure>\n\n\n\n<p>A teraz po 8-12 hodin\u00e1ch m\u00e1me hotove cesto na pe\u010denie. <\/p>\n\n\n\n<figure class=\"wp-block-image size-large\"><img loading=\"lazy\" decoding=\"async\" width=\"1024\" height=\"490\" src=\"https:\/\/www.gonscak.sk\/wp-content\/uploads\/2020\/04\/13-1024x490.jpg\" alt=\"\" class=\"wp-image-567\" srcset=\"https:\/\/www.gonscak.sk\/wp-content\/uploads\/2020\/04\/13-1024x490.jpg 1024w, https:\/\/www.gonscak.sk\/wp-content\/uploads\/2020\/04\/13-300x144.jpg 300w, https:\/\/www.gonscak.sk\/wp-content\/uploads\/2020\/04\/13-768x367.jpg 768w, https:\/\/www.gonscak.sk\/wp-content\/uploads\/2020\/04\/13-1536x735.jpg 1536w, https:\/\/www.gonscak.sk\/wp-content\/uploads\/2020\/04\/13-2048x980.jpg 2048w\" sizes=\"auto, (max-width: 1024px) 100vw, 1024px\" \/><figcaption>nakysnut\u00e9 cesto<\/figcaption><\/figure>\n\n\n\n<p>Preklop\u00edme na plech vystlat\u00fd papierom na pe\u010denie a \u0161upneme do tr\u00faby. Pe\u010dieme s plechom vody na spodu (2cm vody) na z\u00e1paru pri teplote 200C prv\u00fdch 15min, potom zn\u00ed\u017eime na 175C a pe\u010dieme, k\u00fdm nebude hotov\u00fd (\u010fal\u0161\u00edch cca 45 min). Sem tam ho m\u00f4\u017eeme potrie\u0165 slanou vodou (ale a\u017e po 15-20 min pe\u010denia, aby n\u00e1m nespadol). Sk\u00fa\u0161al som tr\u00fabu aj predhrieva\u0165, ale nevidel som v tom ve\u013ek\u00fd zmysel a \u00fa\u010dinok. \u0160upnem chleba na plech, d\u00e1m do tr\u00faby a zapnem na 200C:<\/p>\n\n\n\n<figure class=\"wp-block-image size-large\"><img loading=\"lazy\" decoding=\"async\" width=\"1024\" height=\"535\" src=\"https:\/\/www.gonscak.sk\/wp-content\/uploads\/2020\/04\/14-1024x535.jpg\" alt=\"\" class=\"wp-image-569\" srcset=\"https:\/\/www.gonscak.sk\/wp-content\/uploads\/2020\/04\/14-1024x535.jpg 1024w, https:\/\/www.gonscak.sk\/wp-content\/uploads\/2020\/04\/14-300x157.jpg 300w, https:\/\/www.gonscak.sk\/wp-content\/uploads\/2020\/04\/14-768x401.jpg 768w, https:\/\/www.gonscak.sk\/wp-content\/uploads\/2020\/04\/14-1536x803.jpg 1536w, https:\/\/www.gonscak.sk\/wp-content\/uploads\/2020\/04\/14-2048x1070.jpg 2048w\" sizes=\"auto, (max-width: 1024px) 100vw, 1024px\" \/><figcaption>vyklopen\u00e9 cesto na plech<\/figcaption><\/figure>\n\n\n\n<p>A po hodine pe\u010denia v\u00fdsledok:<\/p>\n\n\n\n<figure class=\"wp-block-image size-large\"><img loading=\"lazy\" decoding=\"async\" width=\"1024\" height=\"491\" src=\"https:\/\/www.gonscak.sk\/wp-content\/uploads\/2020\/04\/15-1024x491.jpg\" alt=\"\" class=\"wp-image-568\" srcset=\"https:\/\/www.gonscak.sk\/wp-content\/uploads\/2020\/04\/15-1024x491.jpg 1024w, https:\/\/www.gonscak.sk\/wp-content\/uploads\/2020\/04\/15-300x144.jpg 300w, https:\/\/www.gonscak.sk\/wp-content\/uploads\/2020\/04\/15-768x368.jpg 768w, https:\/\/www.gonscak.sk\/wp-content\/uploads\/2020\/04\/15-1536x737.jpg 1536w, https:\/\/www.gonscak.sk\/wp-content\/uploads\/2020\/04\/15-2048x983.jpg 2048w\" sizes=\"auto, (max-width: 1024px) 100vw, 1024px\" \/><figcaption>upe\u010den\u00e9<\/figcaption><\/figure>\n\n\n\n<p>A ideme jes\u0165 \ud83d\ude42<\/p>\n\n\n\n<figure class=\"wp-block-image size-large\"><img loading=\"lazy\" decoding=\"async\" width=\"1024\" height=\"496\" src=\"https:\/\/www.gonscak.sk\/wp-content\/uploads\/2020\/04\/16-1024x496.jpg\" alt=\"\" class=\"wp-image-570\" srcset=\"https:\/\/www.gonscak.sk\/wp-content\/uploads\/2020\/04\/16-1024x496.jpg 1024w, https:\/\/www.gonscak.sk\/wp-content\/uploads\/2020\/04\/16-300x145.jpg 300w, https:\/\/www.gonscak.sk\/wp-content\/uploads\/2020\/04\/16-768x372.jpg 768w, https:\/\/www.gonscak.sk\/wp-content\/uploads\/2020\/04\/16-1536x744.jpg 1536w, https:\/\/www.gonscak.sk\/wp-content\/uploads\/2020\/04\/16-2048x992.jpg 2048w\" sizes=\"auto, (max-width: 1024px) 100vw, 1024px\" \/><figcaption>m\u0148aaaam<\/figcaption><\/figure>\n\n\n\n<p>Chleba sa d\u00e1 stihn\u00fa\u0165 spravi\u0165 aj v r\u00e1mci jedn\u00e9ho d\u0148a:<\/p>\n\n\n\n<ul class=\"wp-block-list\"><li>o 6tej hod. r\u00e1no vytiahnem kv\u00e1sok z chladni\u010dky a sprav\u00edm z\u00e1kvas, ktor\u00fd bude kvasi\u0165<\/li><li>okolo 11-12tej hodine sprav\u00edme zo z\u00e1kvasu cesto na chleba <\/li><li>po 19 tej hodine ve\u010der chleba pe\u010diem, po men\u0161om vychladnut\u00ed po 20:30 ve\u010deriame<\/li><\/ul>\n\n\n\n<p>Ak chceme chleba na r\u00e1no, tak takto:<\/p>\n\n\n\n<ul class=\"wp-block-list\"><li>okolo obeda, cca o 12-13tej hodine vytiahnem kv\u00e1sok z chladni\u010dky a sprav\u00edm z\u00e1kvas, ktor\u00fd bude kvasi\u0165<\/li><li>ve\u010der okolo 20-22tej sprav\u00edm cesto a d\u00e1m na noc pracova\u0165, aby bol r\u00e1no &#8220;ready to go&#8221;<\/li><li>r\u00e1no o 6tej \u0161upneme chleba do tr\u00faby a o 7:30 m\u00e1me pln\u00fd dom v\u00f4ne a \u010derstv\u00e9ho chleba.<\/li><\/ul>\n ","protected":false},"excerpt":{"rendered":"<p>Ahojte, tak po dlhej dobe som spravil n\u00e1vod na dom\u00e1ci kv\u00e1skov\u00fd chleba. Celkov\u00e1 hmotnos\u0165 je cca 1kg. Za\u010dneme teda t\u00fdm, \u017ee m\u00e1me kv\u00e1sok v chladni\u010dke. Vytiahneme \ud83d\ude42 Kv\u00e1sok je kr\u00e1sny&#8230;. N\u00e1sledne si ho vyklop\u00edm donejakej misky a prilo\u017e\u00edm nov\u00fa m\u00faku. Vyrob\u00edm vlastne z\u00e1kvas. Prid\u00e1vam 3 ly\u017eice celozrnnej m\u00faky (je jedno ak\u00e1) a \u010fal\u0161ie 3 ly\u017eice &hellip; <a href=\"https:\/\/www.gonscak.sk\/?page_id=549\" class=\"more-link\">Continue reading <span class=\"screen-reader-text\">Dom\u00e1ci kv\u00e1skov\u00fd chleb\u00edk<\/span><\/a><\/p>\n","protected":false},"author":1,"featured_media":0,"parent":0,"menu_order":0,"comment_status":"closed","ping_status":"closed","template":"","meta":{"footnotes":""},"class_list":["post-549","page","type-page","status-publish","hentry"],"_links":{"self":[{"href":"https:\/\/www.gonscak.sk\/index.php?rest_route=\/wp\/v2\/pages\/549","targetHints":{"allow":["GET"]}}],"collection":[{"href":"https:\/\/www.gonscak.sk\/index.php?rest_route=\/wp\/v2\/pages"}],"about":[{"href":"https:\/\/www.gonscak.sk\/index.php?rest_route=\/wp\/v2\/types\/page"}],"author":[{"embeddable":true,"href":"https:\/\/www.gonscak.sk\/index.php?rest_route=\/wp\/v2\/users\/1"}],"replies":[{"embeddable":true,"href":"https:\/\/www.gonscak.sk\/index.php?rest_route=%2Fwp%2Fv2%2Fcomments&post=549"}],"version-history":[{"count":8,"href":"https:\/\/www.gonscak.sk\/index.php?rest_route=\/wp\/v2\/pages\/549\/revisions"}],"predecessor-version":[{"id":619,"href":"https:\/\/www.gonscak.sk\/index.php?rest_route=\/wp\/v2\/pages\/549\/revisions\/619"}],"wp:attachment":[{"href":"https:\/\/www.gonscak.sk\/index.php?rest_route=%2Fwp%2Fv2%2Fmedia&parent=549"}],"curies":[{"name":"wp","href":"https:\/\/api.w.org\/{rel}","templated":true}]}}